{"id":7190,"date":"2026-02-26T10:15:43","date_gmt":"2026-02-26T09:15:43","guid":{"rendered":"https:\/\/oceanus.h-wd.fr\/?page_id=7190"},"modified":"2026-03-20T22:00:08","modified_gmt":"2026-03-20T21:00:08","slug":"reserva","status":"publish","type":"page","link":"https:\/\/penthouse-oceanus.com\/pt\/reservation\/","title":{"rendered":"Reserva"},"content":{"rendered":"\t\t<div data-elementor-type=\"wp-page\" data-elementor-id=\"7190\" class=\"elementor elementor-7190\" data-elementor-post-type=\"page\">\n\t\t\t\t<div class=\"elementor-element elementor-element-0621a9a e-flex e-con-boxed e-con e-parent\" data-id=\"0621a9a\" data-element_type=\"container\" data-e-type=\"container\" data-settings=\"{&quot;background_background&quot;:&quot;slideshow&quot;,&quot;background_slideshow_gallery&quot;:[{&quot;id&quot;:&quot;7657&quot;,&quot;url&quot;:&quot;https:\\\/\\\/penthouse-oceanus.com\\\/wp-content\\\/uploads\\\/2026\\\/03\\\/photo_2_chambre_ecl-e1773692031830.jpeg&quot;},{&quot;id&quot;:&quot;7629&quot;,&quot;url&quot;:&quot;https:\\\/\\\/penthouse-oceanus.com\\\/wp-content\\\/uploads\\\/2026\\\/03\\\/chambre-suite-olhos.jpeg&quot;},{&quot;id&quot;:&quot;7027&quot;,&quot;url&quot;:&quot;https:\\\/\\\/penthouse-oceanus.com\\\/wp-content\\\/uploads\\\/2026\\\/02\\\/img_0514-penthouse-oceanus-nazare-cote-portuguaise-locaiton-appartement-portugal-retouch-1-2.jpg&quot;},{&quot;id&quot;:&quot;6786&quot;,&quot;url&quot;:&quot;https:\\\/\\\/penthouse-oceanus.com\\\/wp-content\\\/uploads\\\/2026\\\/02\\\/img_0504-penthouse-oceanus-nazare-cote-portuguaise-locaiton-appartement-portugal-retouch-.jpg&quot;}],&quot;background_slideshow_transition_duration&quot;:&quot;1100&quot;,&quot;background_slideshow_lazyload&quot;:&quot;yes&quot;,&quot;background_slideshow_loop&quot;:&quot;yes&quot;,&quot;background_slideshow_slide_duration&quot;:5000,&quot;background_slideshow_slide_transition&quot;:&quot;fade&quot;}\">\n\t\t\t\t\t<div class=\"e-con-inner\">\n\t\t\t\t<div class=\"elementor-element elementor-element-9349697 elementor-widget__width-initial elementor-widget elementor-widget-nuss-heading\" data-id=\"9349697\" data-element_type=\"widget\" data-e-type=\"widget\" data-widget_type=\"nuss-heading.default\">\n\t\t\t\t<div class=\"elementor-widget-container\">\n\t\t\t\t\t\t\t<div class=\"nuss-modern-heading\">\r\n\t\t\t\t\t\t<div class=\"heading-secondary-wrap\">\r\n\t\t\t\t<p class=\"heading-secondary elementor-heading-title\">R\u00e9servation d'appartement \u00e0 Olhos de Agua<\/p>\t\t\t<\/div>\r\n\t\t\r\n\t\t\t\t\t\t<div class=\"heading-primary-wrap\">\r\n\t\t\t\t<h1 class=\"heading-primary elementor-heading-title\">R\u00e9server l'appartement Penthouse<\/h1>\t\t\t<\/div>\r\n\t\t\r\n\t\t\t\r\n\t\t\t\t\t<\/div>\r\n\t\t\t\t\t<\/div>\n\t\t\t\t<\/div>\n\t\t\t\t\t<\/div>\n\t\t\t\t<\/div>\n\t\t\t\t<section class=\"elementor-section elementor-top-section elementor-element elementor-element-42828f1 elementor-section-boxed elementor-section-gap-beside-yes elementor-section-height-default elementor-section-height-default elementor-section-column-vertical-align-stretch\" data-id=\"42828f1\" data-element_type=\"section\" data-e-type=\"section\">\n\t\t\t\t\t\t<div class=\"elementor-container elementor-column-gap-extended\">\n\t\t\t\t\t<div class=\"elementor-column elementor-col-100 elementor-top-column elementor-element elementor-element-28dad48\" data-id=\"28dad48\" data-element_type=\"column\" data-e-type=\"column\">\n\t\t\t<div class=\"elementor-widget-wrap elementor-element-populated\">\n\t\t\t\t\t\t<div class=\"elementor-element elementor-element-3b0b60a elementor-widget elementor-widget-shortcode\" data-id=\"3b0b60a\" data-element_type=\"widget\" data-e-type=\"widget\" data-widget_type=\"shortcode.default\">\n\t\t\t\t<div class=\"elementor-widget-container\">\n\t\t\t\t\t\t\t<div class=\"elementor-shortcode\"><\/div>\n\t\t\t\t\t\t<\/div>\n\t\t\t\t<\/div>\n\t\t\t\t\t<\/div>\n\t\t<\/div>\n\t\t\t\t\t<\/div>\n\t\t<\/section>\n\t\t\t\t<\/div>\n\t\t","protected":false},"excerpt":{"rendered":"<p>R\u00e9servation d&rsquo;appartement \u00e0 Olhos de Agua R\u00e9server l&rsquo;appartement Penthouse<\/p>","protected":false},"author":5,"featured_media":6798,"parent":0,"menu_order":0,"comment_status":"closed","ping_status":"closed","template":"elementor_header_footer","meta":{"footnotes":""},"class_list":["post-7190","page","type-page","status-publish","has-post-thumbnail","hentry"],"yoast_head":"<!-- This site is optimized with the Yoast SEO Premium plugin v27.1 (Yoast SEO v27.2) - https:\/\/yoast.com\/product\/yoast-seo-premium-wordpress\/ -->\n<title>R\u00e9servation - Penthouse Oceanus |\u00a0penthouse appartement \u00e0 Olhos de Agua Portugal<\/title>\n<meta name=\"description\" content=\"R\u00e9servation : r\u00e9servez facilement votre prestation en quelques clics. Consultez les disponibilit\u00e9s et validez votre demande. En savoir plus\" \/>\n<meta name=\"robots\" content=\"index, follow, max-snippet:-1, max-image-preview:large, max-video-preview:-1\" \/>\n<link rel=\"canonical\" href=\"https:\/\/penthouse-oceanus.com\/pt\/reserva\/\" \/>\n<meta property=\"og:locale\" content=\"pt_PT\" \/>\n<meta property=\"og:type\" content=\"article\" \/>\n<meta property=\"og:title\" content=\"R\u00e9servation\" \/>\n<meta property=\"og:description\" content=\"R\u00e9servation : r\u00e9servez facilement votre prestation en quelques clics. Consultez les disponibilit\u00e9s et validez votre demande. En savoir plus\" \/>\n<meta property=\"og:url\" content=\"https:\/\/penthouse-oceanus.com\/pt\/reserva\/\" \/>\n<meta property=\"og:site_name\" content=\"Penthouse Oceanus |\u00a0penthouse appartement \u00e0 Olhos de Agua Portugal\" \/>\n<meta property=\"article:modified_time\" content=\"2026-03-20T21:00:08+00:00\" \/>\n<meta property=\"og:image\" content=\"https:\/\/penthouse-oceanus.com\/wp-content\/uploads\/2026\/02\/img_0514-penthouse-oceanus-nazare-cote-portuguaise-locaiton-appartement-portugal-retouch-.jpg\" \/>\n\t<meta property=\"og:image:width\" content=\"2400\" \/>\n\t<meta property=\"og:image:height\" content=\"1602\" \/>\n\t<meta property=\"og:image:type\" content=\"image\/jpeg\" \/>\n<meta name=\"twitter:card\" content=\"summary_large_image\" \/>\n<meta name=\"twitter:label1\" content=\"Tempo estimado de leitura\" \/>\n\t<meta name=\"twitter:data1\" content=\"1 minuto\" \/>\n<script type=\"application\/ld+json\" class=\"yoast-schema-graph\">{\"@context\":\"https:\/\/schema.org\",\"@graph\":[{\"@type\":\"WebPage\",\"@id\":\"https:\/\/penthouse-oceanus.com\/reservation\/\",\"url\":\"https:\/\/penthouse-oceanus.com\/reservation\/\",\"name\":\"R\u00e9servation - Penthouse Oceanus |\u00a0penthouse appartement \u00e0 Olhos de Agua Portugal\",\"isPartOf\":{\"@id\":\"https:\/\/penthouse-oceanus.com\/#website\"},\"primaryImageOfPage\":{\"@id\":\"https:\/\/penthouse-oceanus.com\/reservation\/#primaryimage\"},\"image\":{\"@id\":\"https:\/\/penthouse-oceanus.com\/reservation\/#primaryimage\"},\"thumbnailUrl\":\"https:\/\/penthouse-oceanus.com\/wp-content\/uploads\/2026\/02\/img_0514-penthouse-oceanus-nazare-cote-portuguaise-locaiton-appartement-portugal-retouch-.jpg\",\"datePublished\":\"2026-02-26T09:15:43+00:00\",\"dateModified\":\"2026-03-20T21:00:08+00:00\",\"description\":\"R\u00e9servation : r\u00e9servez facilement votre prestation en quelques clics. Consultez les disponibilit\u00e9s et validez votre demande. En savoir plus\",\"breadcrumb\":{\"@id\":\"https:\/\/penthouse-oceanus.com\/reservation\/#breadcrumb\"},\"inLanguage\":\"pt-PT\",\"potentialAction\":[{\"@type\":\"ReadAction\",\"target\":[\"https:\/\/penthouse-oceanus.com\/reservation\/\"]}]},{\"@type\":\"ImageObject\",\"inLanguage\":\"pt-PT\",\"@id\":\"https:\/\/penthouse-oceanus.com\/reservation\/#primaryimage\",\"url\":\"https:\/\/penthouse-oceanus.com\/wp-content\/uploads\/2026\/02\/img_0514-penthouse-oceanus-nazare-cote-portuguaise-locaiton-appartement-portugal-retouch-.jpg\",\"contentUrl\":\"https:\/\/penthouse-oceanus.com\/wp-content\/uploads\/2026\/02\/img_0514-penthouse-oceanus-nazare-cote-portuguaise-locaiton-appartement-portugal-retouch-.jpg\",\"width\":2400,\"height\":1602},{\"@type\":\"BreadcrumbList\",\"@id\":\"https:\/\/penthouse-oceanus.com\/reservation\/#breadcrumb\",\"itemListElement\":[{\"@type\":\"ListItem\",\"position\":1,\"name\":\"Accueil\",\"item\":\"https:\/\/penthouse-oceanus.com\/\"},{\"@type\":\"ListItem\",\"position\":2,\"name\":\"R\u00e9servation\"}]},{\"@type\":\"WebSite\",\"@id\":\"https:\/\/penthouse-oceanus.com\/#website\",\"url\":\"https:\/\/penthouse-oceanus.com\/\",\"name\":\"Penthouse Oceanus |\u00a0penthouse appartement \u00e0 Olhos de Agua Portugal\",\"description\":\"Appartement d&#039;exception sur la c\u00f4te portugaise\",\"publisher\":{\"@id\":\"https:\/\/penthouse-oceanus.com\/#organization\"},\"potentialAction\":[{\"@type\":\"SearchAction\",\"target\":{\"@type\":\"EntryPoint\",\"urlTemplate\":\"https:\/\/penthouse-oceanus.com\/?s={search_term_string}\"},\"query-input\":{\"@type\":\"PropertyValueSpecification\",\"valueRequired\":true,\"valueName\":\"search_term_string\"}}],\"inLanguage\":\"pt-PT\"},{\"@type\":\"Organization\",\"@id\":\"https:\/\/penthouse-oceanus.com\/#organization\",\"name\":\"Penthouse Oceanus |\u00a0penthouse appartement \u00e0 Olhos de Agua Portugal\",\"url\":\"https:\/\/penthouse-oceanus.com\/\",\"logo\":{\"@type\":\"ImageObject\",\"inLanguage\":\"pt-PT\",\"@id\":\"https:\/\/penthouse-oceanus.com\/#\/schema\/logo\/image\/\",\"url\":\"\",\"contentUrl\":\"\",\"caption\":\"Penthouse Oceanus |\u00a0penthouse appartement \u00e0 Olhos de Agua Portugal\"},\"image\":{\"@id\":\"https:\/\/penthouse-oceanus.com\/#\/schema\/logo\/image\/\"}}]}<\/script>\n<!-- \/ Yoast SEO Premium plugin. -->","yoast_head_json":{"title":"Reserva - Penthouse Oceanus |\u00a0apartamento penthouse em Olhos de Agua Portugal","description":"Reserva: reserve facilmente o seu servi\u00e7o em alguns cliques. Consulte a disponibilidade e valide o seu pedido. Saiba mais","robots":{"index":"index","follow":"follow","max-snippet":"max-snippet:-1","max-image-preview":"max-image-preview:large","max-video-preview":"max-video-preview:-1"},"canonical":"https:\/\/penthouse-oceanus.com\/pt\/reserva\/","og_locale":"pt_PT","og_type":"article","og_title":"R\u00e9servation","og_description":"R\u00e9servation : r\u00e9servez facilement votre prestation en quelques clics. Consultez les disponibilit\u00e9s et validez votre demande. En savoir plus","og_url":"https:\/\/penthouse-oceanus.com\/pt\/reserva\/","og_site_name":"Penthouse Oceanus |\u00a0penthouse appartement \u00e0 Olhos de Agua Portugal","article_modified_time":"2026-03-20T21:00:08+00:00","og_image":[{"width":2400,"height":1602,"url":"https:\/\/penthouse-oceanus.com\/wp-content\/uploads\/2026\/02\/img_0514-penthouse-oceanus-nazare-cote-portuguaise-locaiton-appartement-portugal-retouch-.jpg","type":"image\/jpeg"}],"twitter_card":"summary_large_image","twitter_misc":{"Tempo estimado de leitura":"1 minuto"},"schema":{"@context":"https:\/\/schema.org","@graph":[{"@type":"WebPage","@id":"https:\/\/penthouse-oceanus.com\/reservation\/","url":"https:\/\/penthouse-oceanus.com\/reservation\/","name":"Reserva - Penthouse Oceanus |\u00a0apartamento penthouse em Olhos de Agua Portugal","isPartOf":{"@id":"https:\/\/penthouse-oceanus.com\/#website"},"primaryImageOfPage":{"@id":"https:\/\/penthouse-oceanus.com\/reservation\/#primaryimage"},"image":{"@id":"https:\/\/penthouse-oceanus.com\/reservation\/#primaryimage"},"thumbnailUrl":"https:\/\/penthouse-oceanus.com\/wp-content\/uploads\/2026\/02\/img_0514-penthouse-oceanus-nazare-cote-portuguaise-locaiton-appartement-portugal-retouch-.jpg","datePublished":"2026-02-26T09:15:43+00:00","dateModified":"2026-03-20T21:00:08+00:00","description":"Reserva: reserve facilmente o seu servi\u00e7o em alguns cliques. Consulte a disponibilidade e valide o seu pedido. Saiba mais","breadcrumb":{"@id":"https:\/\/penthouse-oceanus.com\/reservation\/#breadcrumb"},"inLanguage":"pt-PT","potentialAction":[{"@type":"ReadAction","target":["https:\/\/penthouse-oceanus.com\/reservation\/"]}]},{"@type":"ImageObject","inLanguage":"pt-PT","@id":"https:\/\/penthouse-oceanus.com\/reservation\/#primaryimage","url":"https:\/\/penthouse-oceanus.com\/wp-content\/uploads\/2026\/02\/img_0514-penthouse-oceanus-nazare-cote-portuguaise-locaiton-appartement-portugal-retouch-.jpg","contentUrl":"https:\/\/penthouse-oceanus.com\/wp-content\/uploads\/2026\/02\/img_0514-penthouse-oceanus-nazare-cote-portuguaise-locaiton-appartement-portugal-retouch-.jpg","width":2400,"height":1602},{"@type":"BreadcrumbList","@id":"https:\/\/penthouse-oceanus.com\/reservation\/#breadcrumb","itemListElement":[{"@type":"ListItem","position":1,"name":"Accueil","item":"https:\/\/penthouse-oceanus.com\/"},{"@type":"ListItem","position":2,"name":"R\u00e9servation"}]},{"@type":"WebSite","@id":"https:\/\/penthouse-oceanus.com\/#website","url":"https:\/\/penthouse-oceanus.com\/","name":"Penthouse Oceanus |\u00a0apartamento penthouse em Olhos de Agua, Portugal","description":"Apartamento de exce\u00e7\u00e3o na costa portuguesa","publisher":{"@id":"https:\/\/penthouse-oceanus.com\/#organization"},"potentialAction":[{"@type":"SearchAction","target":{"@type":"EntryPoint","urlTemplate":"https:\/\/penthouse-oceanus.com\/?s={search_term_string}"},"query-input":{"@type":"PropertyValueSpecification","valueRequired":true,"valueName":"search_term_string"}}],"inLanguage":"pt-PT"},{"@type":"Organization","@id":"https:\/\/penthouse-oceanus.com\/#organization","name":"Penthouse Oceanus |\u00a0apartamento penthouse em Olhos de Agua, Portugal","url":"https:\/\/penthouse-oceanus.com\/","logo":{"@type":"ImageObject","inLanguage":"pt-PT","@id":"https:\/\/penthouse-oceanus.com\/#\/schema\/logo\/image\/","url":"","contentUrl":"","caption":"Penthouse Oceanus |\u00a0penthouse appartement \u00e0 Olhos de Agua Portugal"},"image":{"@id":"https:\/\/penthouse-oceanus.com\/#\/schema\/logo\/image\/"}}]}},"_links":{"self":[{"href":"https:\/\/penthouse-oceanus.com\/pt\/wp-json\/wp\/v2\/pages\/7190","targetHints":{"allow":["GET"]}}],"collection":[{"href":"https:\/\/penthouse-oceanus.com\/pt\/wp-json\/wp\/v2\/pages"}],"about":[{"href":"https:\/\/penthouse-oceanus.com\/pt\/wp-json\/wp\/v2\/types\/page"}],"author":[{"embeddable":true,"href":"https:\/\/penthouse-oceanus.com\/pt\/wp-json\/wp\/v2\/users\/5"}],"replies":[{"embeddable":true,"href":"https:\/\/penthouse-oceanus.com\/pt\/wp-json\/wp\/v2\/comments?post=7190"}],"version-history":[{"count":20,"href":"https:\/\/penthouse-oceanus.com\/pt\/wp-json\/wp\/v2\/pages\/7190\/revisions"}],"predecessor-version":[{"id":8290,"href":"https:\/\/penthouse-oceanus.com\/pt\/wp-json\/wp\/v2\/pages\/7190\/revisions\/8290"}],"wp:featuredmedia":[{"embeddable":true,"href":"https:\/\/penthouse-oceanus.com\/pt\/wp-json\/wp\/v2\/media\/6798"}],"wp:attachment":[{"href":"https:\/\/penthouse-oceanus.com\/pt\/wp-json\/wp\/v2\/media?parent=7190"}],"curies":[{"name":"wp","href":"https:\/\/api.w.org\/{rel}","templated":true}]}}